{"id":426,"date":"2018-10-05T13:27:23","date_gmt":"2018-10-05T11:27:23","guid":{"rendered":"https:\/\/stajnia-smarchowicewielkie.pl\/?page_id=426"},"modified":"2020-04-04T14:10:56","modified_gmt":"2020-04-04T12:10:56","slug":"galeria","status":"publish","type":"page","link":"https:\/\/stajnia-smarchowicewielkie.pl\/index.php\/galeria\/","title":{"rendered":"GALERIA"},"content":{"rendered":"<p>[et_pb_section fb_built=&#8221;1&#8243; fullwidth=&#8221;on&#8221; _builder_version=&#8221;4.4.2&#8243; custom_margin=&#8221;||||false|false&#8221; top_divider_color=&#8221;#ffffff&#8221; top_divider_height=&#8221;67px&#8221; bottom_divider_color=&#8221;#ffffff&#8221; bottom_divider_height=&#8221;67px&#8221; hover_enabled=&#8221;0&#8243;][et_pb_fullwidth_slider _builder_version=&#8221;4.4.2&#8243; header_font=&#8221;||||||||&#8221; header_text_align=&#8221;right&#8221; hover_enabled=&#8221;0&#8243;][et_pb_slide heading=&#8221;GALERIA&#8221; _builder_version=&#8221;4.4.2&#8243; background_image=&#8221;https:\/\/stajnia-smarchowicewielkie.pl\/wp-content\/uploads\/2018\/10\/galeria.png&#8221; hover_enabled=&#8221;0&#8243; use_background_color_gradient=&#8221;on&#8221; background_color_gradient_start=&#8221;rgba(0,0,0,0.58)&#8221; background_color_gradient_end=&#8221;rgba(0,0,0,0.58)&#8221; background_color_gradient_overlays_image=&#8221;on&#8221; header_font=&#8221;Verdana|600|||||||&#8221; header_text_color=&#8221;#c3a066&#8243;][\/et_pb_slide][\/et_pb_fullwidth_slider][\/et_pb_section][et_pb_section fb_built=&#8221;1&#8243; _builder_version=&#8221;4.4.2&#8243; custom_padding=&#8221;54px|0px|102px|0px|false|false&#8221; hover_enabled=&#8221;0&#8243; background_color=&#8221;rgba(195,160,102,0.66)&#8221;][et_pb_row _builder_version=&#8221;3.25&#8243; column_structure=&#8221;1_2,1_2&#8243;][et_pb_column type=&#8221;1_2&#8243; _builder_version=&#8221;3.25&#8243; custom_padding=&#8221;|||&#8221; custom_padding__hover=&#8221;|||&#8221;][et_pb_text admin_label=&#8221;KUCYKOWE ZAJ\u0118CIA&#8221; _builder_version=&#8221;3.27.4&#8243;]<\/p>\n<a href=\"https:\/\/stajnia-smarchowicewielkie.pl\/index.php\/project\/kucykowe-zajecia\/\" class=\"cl-ib animation_caeros ratio_3x2 align_center with_title with_desc cl_custom_css_1\" style=\"width:100%;background-color:#444444;color:#ffffff;\"><div class=\"cl-ib-h easing_ease\"><div class=\"cl-ib-image\" style=\"background-image: url(https:\/\/stajnia-smarchowicewielkie.pl\/wp-content\/uploads\/2019\/01\/kucykowe_zajecia-1.jpg)\"><img loading=\"lazy\" decoding=\"async\" src=\"https:\/\/stajnia-smarchowicewielkie.pl\/wp-content\/uploads\/2019\/01\/kucykowe_zajecia-1.jpg\" width=\"800\" height=\"534\"  alt=\"KUCYKOWE ZAJ\u0118CIA\" \/><\/div><div class=\"cl-ib-content\" style=\"padding:10%;\"><div class=\"cl-ib-content-h\"><h4 class=\"cl-ib-title\" style=\"font-size:30px;\">KUCYKOWE ZAJ\u0118CIA<\/h4><div class=\"cl-ib-desc\">Kucyki to konie, kt\u00f3re dzieciom sprawiaj\u0105 najwi\u0119ksz\u0105 rado\u015b\u0107. Ale nie tylko im, bo doro\u015bli r\u00f3wnie\u017c u\u015bmiechaj\u0105 si\u0119 na ich widok nie mniej ni\u017c dzieci. KucykoweLOVE!<\/div><\/div><\/div><\/div><\/a><style type=\"text\/css\">@media only screen and (max-width: 599px) {.cl_custom_css_1 .cl-ib-title { font-size:24px !important; }}<\/style>\n<p>[\/et_pb_text][et_pb_text admin_label=&#8221;WOLTY\u017bERKA&#8221; _builder_version=&#8221;3.27.4&#8243;]<\/p>\n<a href=\"https:\/\/stajnia-smarchowicewielkie.pl\/index.php\/project\/woltyzerka\/\" class=\"cl-ib animation_caeros ratio_3x2 align_center with_title with_desc cl_custom_css_2\" style=\"width:100%;background-color:#444444;color:#ffffff;\"><div class=\"cl-ib-h easing_ease\"><div class=\"cl-ib-image\" style=\"background-image: url(https:\/\/stajnia-smarchowicewielkie.pl\/wp-content\/uploads\/2019\/01\/woltyzerka-7.jpg)\"><img loading=\"lazy\" decoding=\"async\" src=\"https:\/\/stajnia-smarchowicewielkie.pl\/wp-content\/uploads\/2019\/01\/woltyzerka-7.jpg\" width=\"800\" height=\"533\"  alt=\"WOLTY\u017bERKA\" \/><\/div><div class=\"cl-ib-content\" style=\"padding:10%;\"><div class=\"cl-ib-content-h\"><h4 class=\"cl-ib-title\" style=\"font-size:30px;\">WOLTY\u017bERKA<\/h4><div class=\"cl-ib-desc\">Stanie do g\u00f3ry nogami, a nawet na jednej r\u0119ce na koniu!? My\u015blisz: istny cyrk. Mylisz si\u0119. To wolty\u017cerka, czyli nic innego jak gimnastyka ...<\/div><\/div><\/div><\/div><\/a><style type=\"text\/css\">@media only screen and (max-width: 599px) {.cl_custom_css_2 .cl-ib-title { font-size:24px !important; }}<\/style>\n<p>[\/et_pb_text][\/et_pb_column][et_pb_column type=&#8221;1_2&#8243; _builder_version=&#8221;3.25&#8243; custom_padding=&#8221;|||&#8221; custom_padding__hover=&#8221;|||&#8221;][et_pb_text admin_label=&#8221;NASZA STAJNIA&#8221; _builder_version=&#8221;3.27.4&#8243;]<\/p>\n<a href=\"https:\/\/stajnia-smarchowicewielkie.pl\/index.php\/project\/nasza-stajnia\/\" class=\"cl-ib animation_caeros ratio_3x2 align_center with_title with_desc cl_custom_css_3\" style=\"width:100%;background-color:#444444;color:#ffffff;\"><div class=\"cl-ib-h easing_ease\"><div class=\"cl-ib-image\" style=\"background-image: url(https:\/\/stajnia-smarchowicewielkie.pl\/wp-content\/uploads\/2019\/01\/nasza_stajnia-1.png)\"><img loading=\"lazy\" decoding=\"async\" src=\"https:\/\/stajnia-smarchowicewielkie.pl\/wp-content\/uploads\/2019\/01\/nasza_stajnia-1.png\" width=\"800\" height=\"533\"  alt=\"NASZA STAJNIA\" \/><\/div><div class=\"cl-ib-content\" style=\"padding:10%;\"><div class=\"cl-ib-content-h\"><h4 class=\"cl-ib-title\" style=\"font-size:30px;\">NASZA STAJNIA<\/h4><div class=\"cl-ib-desc\">Nasza stajnia to nasze konie i My. My oraz wszyscy ludzie, kt\u00f3rzy j\u0105 tworz\u0105. Atmosfera panuj\u0105ca w naszym o\u015brodku sprawia, \u017ce chce si\u0119 w to miejsce wraca\u0107 raz po raz\u2026<\/div><\/div><\/div><\/div><\/a><style type=\"text\/css\">@media only screen and (max-width: 599px) {.cl_custom_css_3 .cl-ib-title { font-size:24px !important; }}<\/style>\n<p>[\/et_pb_text][et_pb_text admin_label=&#8221;SESJE ZDJ\u0118CIOWE&#8221; _builder_version=&#8221;3.27.4&#8243;]<\/p>\n<a href=\"https:\/\/stajnia-smarchowicewielkie.pl\/index.php\/project\/sesje-zdjeciowe\/\" class=\"cl-ib animation_caeros ratio_3x2 align_center with_title with_desc cl_custom_css_4\" style=\"width:100%;background-color:#444444;color:#ffffff;\"><div class=\"cl-ib-h easing_ease\"><div class=\"cl-ib-image\" style=\"background-image: url(https:\/\/stajnia-smarchowicewielkie.pl\/wp-content\/uploads\/2019\/01\/sesje_zdjeciowe-6.jpg)\"><img loading=\"lazy\" decoding=\"async\" src=\"https:\/\/stajnia-smarchowicewielkie.pl\/wp-content\/uploads\/2019\/01\/sesje_zdjeciowe-6.jpg\" width=\"800\" height=\"534\"  alt=\"SESJE ZDJ\u0118CIOWE\" \/><\/div><div class=\"cl-ib-content\" style=\"padding:10%;\"><div class=\"cl-ib-content-h\"><h4 class=\"cl-ib-title\" style=\"font-size:30px;\">SESJE ZDJ\u0118CIOWE<\/h4><div class=\"cl-ib-desc\">Sesja fotograficzna z naszymi ko\u0144mi to doskona\u0142a zabawa i szansa na pi\u0119kne i profesjonalne zdj\u0119cia, kt\u00f3re b\u0119d\u0105 zachwyca\u0107 Ci\u0119 przez d\u0142ugie lata. To co spr\u00f3bujemy?<\/div><\/div><\/div><\/div><\/a><style type=\"text\/css\">@media only screen and (max-width: 599px) {.cl_custom_css_4 .cl-ib-title { font-size:24px !important; }}<\/style>\n<p>[\/et_pb_text][\/et_pb_column][\/et_pb_row][\/et_pb_section]<\/p>\n","protected":false},"excerpt":{"rendered":"<p><a href=\"https:\/\/stajnia-smarchowicewielkie.pl\/index.php\/project\/kucykowe-zajecia\/\" class=\"cl-ib animation_caeros ratio_3x2 align_center with_title with_desc cl_custom_css_5\" style=\"width:100%;background-color:#444444;color:#ffffff;\"><div class=\"cl-ib-h easing_ease\"><div class=\"cl-ib-image\" style=\"background-image: url(https:\/\/stajnia-smarchowicewielkie.pl\/wp-content\/uploads\/2019\/01\/kucykowe_zajecia-1.jpg)\"><img loading=\"lazy\" decoding=\"async\" src=\"https:\/\/stajnia-smarchowicewielkie.pl\/wp-content\/uploads\/2019\/01\/kucykowe_zajecia-1.jpg\" width=\"800\" height=\"534\"  alt=\"KUCYKOWE ZAJ\u0118CIA\" \/><\/div><div class=\"cl-ib-content\" style=\"padding:10%;\"><div class=\"cl-ib-content-h\"><h4 class=\"cl-ib-title\" style=\"font-size:30px;\">KUCYKOWE ZAJ\u0118CIA<\/h4><div class=\"cl-ib-desc\">Kucyki to konie, kt\u00f3re dzieciom sprawiaj\u0105 najwi\u0119ksz\u0105 rado\u015b\u0107. Ale nie tylko im, bo doro\u015bli r\u00f3wnie\u017c u\u015bmiechaj\u0105 si\u0119 na ich widok nie mniej ni\u017c dzieci. KucykoweLOVE!<\/div><\/div><\/div><\/div><\/a><style type=\"text\/css\">@media only screen and (max-width: 599px) {.cl_custom_css_5 .cl-ib-title { font-size:24px !important; }}<\/style> <div class=\"cl-ib animation_melete ratio_3x2 align_center with_title with_desc cl_custom_css_6\" style=\"width:100%;background-color:#444444;color:#ffffff;\"><div class=\"cl-ib-h easing_ease\"><div class=\"cl-ib-image\" style=\"background-image: url()\"><img decoding=\"async\" src=\"\"  alt=\"&#8221;WOLTY\u017bERKA&#8221;\" \/><\/div><div class=\"cl-ib-content\" style=\"padding:10%;\"><div class=\"cl-ib-content-h\"><h4 class=\"cl-ib-title\" style=\"font-size:30px;\">&#8221;WOLTY\u017bERKA&#8221;<\/h4><div class=\"cl-ib-desc\">&#8221;Stanie<\/div><\/div><\/div><\/div><\/div><style type=\"text\/css\">@media only screen and (max-width: 599px) {.cl_custom_css_6 .cl-ib-title { font-size:24px !important; }}<\/style><\/p>\n","protected":false},"author":1,"featured_media":0,"parent":0,"menu_order":0,"comment_status":"closed","ping_status":"open","template":"","meta":{"_et_pb_use_builder":"on","_et_pb_old_content":"","_et_gb_content_width":"","footnotes":""},"class_list":["post-426","page","type-page","status-publish","hentry"],"_links":{"self":[{"href":"https:\/\/stajnia-smarchowicewielkie.pl\/index.php\/wp-json\/wp\/v2\/pages\/426","targetHints":{"allow":["GET"]}}],"collection":[{"href":"https:\/\/stajnia-smarchowicewielkie.pl\/index.php\/wp-json\/wp\/v2\/pages"}],"about":[{"href":"https:\/\/stajnia-smarchowicewielkie.pl\/index.php\/wp-json\/wp\/v2\/types\/page"}],"author":[{"embeddable":true,"href":"https:\/\/stajnia-smarchowicewielkie.pl\/index.php\/wp-json\/wp\/v2\/users\/1"}],"replies":[{"embeddable":true,"href":"https:\/\/stajnia-smarchowicewielkie.pl\/index.php\/wp-json\/wp\/v2\/comments?post=426"}],"version-history":[{"count":0,"href":"https:\/\/stajnia-smarchowicewielkie.pl\/index.php\/wp-json\/wp\/v2\/pages\/426\/revisions"}],"wp:attachment":[{"href":"https:\/\/stajnia-smarchowicewielkie.pl\/index.php\/wp-json\/wp\/v2\/media?parent=426"}],"curies":[{"name":"wp","href":"https:\/\/api.w.org\/{rel}","templated":true}]}}